{"id":3457,"date":"2026-02-04T16:24:55","date_gmt":"2026-02-04T13:24:55","guid":{"rendered":"https:\/\/english.asrafalastin.net\/?page_id=3457"},"modified":"2026-02-04T16:24:55","modified_gmt":"2026-02-04T13:24:55","slug":"datenschutz-und-datensicherheit","status":"publish","type":"page","link":"https:\/\/english.asrafalastin.net\/?page_id=3457","title":{"rendered":"Datenschutz und Datensicherheit"},"content":{"rendered":"<ol>\n<li><\/li>\n<\/ol>\n<p><strong>Datenschutz und Datensicherheit <\/strong><\/p>\n<ul>\n<li><a href=\"https:\/\/www.aerzte-ohne-grenzen.de\/datenschutz-und-datensicherheit#1Einleitung\">1. Einleitung<\/a><\/li>\n<li><a href=\"https:\/\/www.aerzte-ohne-grenzen.de\/datenschutz-und-datensicherheit#2Verantwortlicher\">2. Verantwortlicher<\/a><\/li>\n<li><a href=\"https:\/\/www.aerzte-ohne-grenzen.de\/datenschutz-und-datensicherheit#3bersichtderVerarbeitungen\">3. \u00dcbersicht der Verarbeitungen<\/a><\/li>\n<li><a href=\"https:\/\/www.aerzte-ohne-grenzen.de\/datenschutz-und-datensicherheit#4MageblicheRechtsgrundlagen\">4. Ma\u00dfgebliche Rechtsgrundlagen<\/a><\/li>\n<li><a href=\"https:\/\/www.aerzte-ohne-grenzen.de\/datenschutz-und-datensicherheit#5Sicherheitsmanahmen\">5. Sicherheitsma\u00dfnahmen<\/a><\/li>\n<li><a href=\"https:\/\/www.aerzte-ohne-grenzen.de\/datenschutz-und-datensicherheit#6bermittlungundOffenbarungvonpersonenbezogenenDaten\">6. \u00dcbermittlung und Offenbarung von personenbezogenen Daten<\/a><\/li>\n<li><a href=\"https:\/\/www.aerzte-ohne-grenzen.de\/datenschutz-und-datensicherheit#7DatenverarbeitunginDrittlndern\">7. Datenverarbeitung in Drittl\u00e4ndern<\/a><\/li>\n<li><a href=\"https:\/\/www.aerzte-ohne-grenzen.de\/datenschutz-und-datensicherheit#8EinsatzvonCookies\">8. Einsatz von Cookies<\/a><\/li>\n<\/ul>\n<p>Der Schutz von personenbezogenen Daten ist uns ein wichtiges Anliegen. Deshalb betreiben wir unsere Aktivit\u00e4ten in \u00dcbereinstimmung mit den geltenden Rechtsvorschriften zum Schutz personenbezogener Daten. Der Datenschutz bei<\/p>\n<p><strong>The-European-Alliance-in-Defence-of-Palestinian-Detainees <\/strong><\/p>\n<ol>\n<li>V. tr\u00e4gt dem deutschen und europ\u00e4ischen Standard f\u00fcr Datenschutz Rechnung. Die Mitarbeiter*innen von<\/li>\n<\/ol>\n<p><strong>The-European-Alliance-in-Defence-of-Palestinian-Detainees <\/strong><\/p>\n<ol>\n<li>V. sind auf die Verschwiegenheit verpflichtet worden.<\/li>\n<li><strong> Einleitung<\/strong><\/li>\n<\/ol>\n<p>Mit den folgenden Datenschutzhinweisen m\u00f6chten wir Sie dar\u00fcber aufkl\u00e4ren, welche Arten Ihrer personenbezogenen Daten (nachfolgend auch kurz als &#8220;Daten\u201c bezeichnet) wir zu welchen Zwecken und in welchem Umfang verarbeiten. Die Datenschutzhinweise gelten f\u00fcr alle von uns durchgef\u00fchrten Verarbeitungen personenbezogener Daten, sowohl im Rahmen der Erbringung unserer Leistungen als auch insbesondere auf unseren Webseiten, in mobilen Applikationen sowie innerhalb externer Onlinepr\u00e4senzen, wie z. B. unserer Social-Media-Profile (nachfolgend zusammenfassend bezeichnet als &#8220;Onlineangebot\u201c).<\/p>\n<p>Die verwendeten Begriffe sind nicht geschlechtsspezifisch.<\/p>\n<p><em>Stand: 3. Februer 2025<\/em><\/p>\n<ol start=\"2\">\n<li><strong> Verantwortlicher<\/strong><\/li>\n<\/ol>\n<p>Die Verantwortliche Stelle ist <strong>The-European-Alliance-in-Defence-of-Palestinian-Detainees e.V.<\/strong><\/p>\n<p>Bitte \u00fcbermitteln Sie jegliche Sperr- und L\u00f6schw\u00fcnsche, sowie Fragen zum Thema Spendenwerbung, immer an <strong>, <a href=\"mailto:asrafalastin@web.de\">asrafalastin@web.de<\/a><\/strong><br \/>\nIhr Ansprechpartner bei Fragen zum Umgang mit Ihren personenbezogenen Daten durch<\/p>\n<p><strong>The-European-Alliance-in-Defence-of-Palestinian-Detainees<\/strong> e.V. ist unser externer Datenschutzbeauftragter (gem\u00e4\u00df \u00a7 38 BDSG):<\/p>\n<p>Dr. Khaled Hamad<\/p>\n<p>Bei allen anderen Fragen zum Datenschutz schreiben Sie bitte an<\/p>\n<p><strong>The-European-Alliance-in-Defence-of-Palestinian-Detainees <\/strong><\/p>\n<p><strong>Liegnitzstr. 28, 53721 Siegburg, Germany,<\/strong><\/p>\n<p><strong>Tel: 00491715411168, Fax: 0049-2241-2653744, <a href=\"mailto:asrafalastin@web.de\">asrafalastin@web.de<\/a>, <\/strong><\/p>\n<ol start=\"3\">\n<li><strong> \u00dcbersicht der Verarbeitungen<\/strong><\/li>\n<\/ol>\n<p>Die nachfolgende \u00dcbersicht fasst die Arten der verarbeiteten Daten und die Zwecke ihrer Verarbeitung zusammen und verweist auf die betroffenen Personen.<\/p>\n<p><strong>Arten der verarbeiteten Daten<\/strong><\/p>\n<ul>\n<li>Event-Daten (Facebook) (&#8220;Event-Daten&#8221; sind Daten, die z. B. via Facebook-Pixel (via Apps oder auf anderen Wegen)) von uns an Facebook \u00fcbermittelt werden k\u00f6nnen und sich auf Personen oder deren Handlungen beziehen. Zu den Daten geh\u00f6ren z. B. Angaben \u00fcber Besuche auf Websites, Interaktionen mit Inhalten, Funktionen, Installationen von Apps, K\u00e4ufe von Produkten, etc. Die Event-Daten werden zwecks Bildung von Zielgruppen f\u00fcr Inhalte und Werbeinformationen (Custom Audiences) verarbeitet. Event-Daten beinhalten nicht die eigentlichen Inhalte (wie z. B. verfasste Kommentare), keine Login-Informationen und keine Kontaktinformationen (also keine Namen, E-Mail-Adressen und Telefonnummern). Event-Daten werden durch Facebook nach maximal zwei Jahren gel\u00f6scht, die aus ihnen gebildeten Zielgruppen mit der L\u00f6schung unseres Facebook-Kontos.<\/li>\n<li>Bestandsdaten (z. B. Namen, Adressen)<\/li>\n<li>Bewerberdaten (z. B. Angaben zur Person, Post- und Kontaktadressen, die zur Bewerbung geh\u00f6renden Unterlagen und die darin enthaltenen Informationen, wie z. B. Anschreiben, Lebenslauf, Zeugnisse sowie weitere im Hinblick auf eine konkrete Stelle oder freiwillig von Bewerbern mitgeteilte Informationen zu deren Person oder Qualifikation)<\/li>\n<li>Inhaltsdaten (z. B. Eingaben in Onlineformularen)<\/li>\n<li>Kontaktdaten (z. B. E-Mail, Telefonnummern)<\/li>\n<li>Meta-\/Kommunikationsdaten (z.B. Ger\u00e4te-Informationen, IP-Adressen)<\/li>\n<li>Nutzungsdaten (z. B. besuchte Webseiten, Interesse an Inhalten, Zugriffszeiten)<\/li>\n<li>Sozialdaten (Daten, die dem Sozialgeheimnis unterliegen und z. B. von Sozialversicherungstr\u00e4gern, Sozialhilfetr\u00e4ger oder Versorgungsbeh\u00f6rden verarbeitet werden)<\/li>\n<li>Standortdaten (Angaben zur geografischen Position eines Ger\u00e4tes oder einer Person)<\/li>\n<li>Vertragsdaten (z. B. Vertragsgegenstand, Laufzeit, Spendenkategorie)<\/li>\n<li>Zahlungsdaten (z. B. Bankverbindungen, Rechnungen, Zahlungshistorie)<\/li>\n<\/ul>\n<p><strong>Kategorien betroffener Personen<\/strong><\/p>\n<ul>\n<li>Gesch\u00e4fts- und Vertragspartner<\/li>\n<li>Interessenten<\/li>\n<li>Kommunikationspartner<\/li>\n<li>Spender<\/li>\n<li>Mitglieder<\/li>\n<li>Nutzer (z. B. Webseitenbesucher, Nutzer von Onlinediensten)<\/li>\n<\/ul>\n<p><strong>Zwecke der Verarbeitung<\/strong><\/p>\n<ul>\n<li>A\/B-Tests<\/li>\n<li>Bereitstellung unseres Onlineangebotes und Nutzerfreundlichkeit<\/li>\n<li>Konversionsmessung (Messung der Effektivit\u00e4t von Marketingma\u00dfnahmen)<\/li>\n<li>Bewerbungsverfahren (Begr\u00fcndung und etwaige sp\u00e4tere Durchf\u00fchrung sowie m\u00f6gliche sp\u00e4tere Beendigung des Besch\u00e4ftigungsverh\u00e4ltnisses)<\/li>\n<li>Klickverfolgung<\/li>\n<li>Direktmarketing (z. B. per E-Mail oder postalisch)<\/li>\n<li>Feedback (z. B. Sammeln von Feedback via Online-Formular)<\/li>\n<li>Heatmaps (Mausbewegungen seitens der Nutzer, die zu einem Gesamtbild zusammengefasst werden)<\/li>\n<li>Interessenbasiertes und verhaltensbezogenes Marketing<\/li>\n<li>Kontaktanfragen und Kommunikation<\/li>\n<li>Profiling (Erstellen von Nutzerprofilen)<\/li>\n<li>Remarketing<\/li>\n<li>Reichweitenmessung (z. B. Zugriffsstatistiken, Erkennung wiederkehrender Besucher)<\/li>\n<li>Sicherheitsma\u00dfnahmen<\/li>\n<li>Tracking (z. B. interessens-\/verhaltensbezogenes Profiling, Nutzung von Cookies)<\/li>\n<li>Umfragen und Frageb\u00f6gen (z. B. Umfragen mit Eingabem\u00f6glichkeiten, Multiple-Choice-Fragen)<\/li>\n<li>Erbringung vertraglicher Leistungen und Spendenservice<\/li>\n<li>Verwaltung und Beantwortung von Anfragen<\/li>\n<li>Zielgruppenbildung (Bestimmung von f\u00fcr Marketingzwecke relevanten Zielgruppen oder sonstige Ausgabe von Inhalten)<\/li>\n<\/ul>\n<ol start=\"4\">\n<li><strong> Ma\u00dfgebliche Rechtsgrundlagen<\/strong><\/li>\n<\/ol>\n<p>Im Folgenden teilen wir die Rechtsgrundlagen der Datenschutzgrundverordnung (DSGVO), auf deren Basis wir die personenbezogenen Daten verarbeiten, mit. Bitte beachten Sie, dass zus\u00e4tzlich zu den Regelungen der DSGVO die nationalen Datenschutzvorgaben in Ihrem bzw. unserem Wohn- und Sitzland gelten k\u00f6nnen. Sollten ferner im Einzelfall speziellere Rechtsgrundlagen ma\u00dfgeblich sein, teilen wir Ihnen diese in der Datenschutzerkl\u00e4rung mit.<\/p>\n<ul>\n<li><strong>Einwilligung (Art. 6 Abs. 1 S. 1 lit. a DSGVO) <\/strong>&#8211; Die betroffene Person hat ihre Einwilligung in die Verarbeitung der sie betreffenden personenbezogenen Daten f\u00fcr einen spezifischen Zweck oder mehrere bestimmte Zwecke gegeben.<\/li>\n<li><strong>Vertragserf\u00fcllung und vorvertragliche Anfragen (Art. 6 Abs. 1 S. 1 lit. b DSGVO)<\/strong> &#8211; Die Verarbeitung ist f\u00fcr die Erf\u00fcllung eines Vertrags, dessen Vertragspartei die betroffene Person ist, oder zur Durchf\u00fchrung vorvertraglicher Ma\u00dfnahmen erforderlich, die auf Anfrage der betroffenen Person erfolgen.<\/li>\n<li><strong>Berechtigte Interessen (Art. 6 Abs. 1 S. 1 lit. f DSGVO) <\/strong>&#8211; Die Verarbeitung ist zur Wahrung der berechtigten Interessen des Verantwortlichen oder eines Dritten erforderlich, sofern nicht die Interessen oder Grundrechte und Grundfreiheiten der betroffenen Person, die den Schutz personenbezogener Daten erfordern, \u00fcberwiegen.<\/li>\n<\/ul>\n<p><strong>Nationale Datenschutzregelungen in Deutschland:<\/strong> Zus\u00e4tzlich zu den Datenschutzregelungen der Datenschutz-Grundverordnung gelten nationale Regelungen zum Datenschutz in Deutschland. Hierzu geh\u00f6rt insbesondere das Gesetz zum Schutz vor Missbrauch personenbezogener Daten bei der Datenverarbeitung (Bundesdatenschutzgesetz &#8211; BDSG). Das BDSG enth\u00e4lt insbesondere Spezialregelungen zum Recht auf Auskunft, zum Recht auf L\u00f6schung, zum Widerspruchsrecht, zur Verarbeitung besonderer Kategorien personenbezogener Daten, zur Verarbeitung f\u00fcr andere Zwecke und zur \u00dcbermittlung sowie automatisierten Entscheidungsfindung im Einzelfall einschlie\u00dflich Profiling. Des Weiteren regelt es die Datenverarbeitung f\u00fcr Zwecke des Besch\u00e4ftigungsverh\u00e4ltnisses (\u00a7 26 BDSG), insbesondere im Hinblick auf die Begr\u00fcndung, Durchf\u00fchrung oder Beendigung von Besch\u00e4ftigungsverh\u00e4ltnissen sowie die Einwilligung von Besch\u00e4ftigten. Ferner k\u00f6nnen Landesdatenschutzgesetze der einzelnen Bundesl\u00e4nder zur Anwendung gelangen.<\/p>\n<ol start=\"5\">\n<li><strong> Sicherheitsma\u00dfnahmen<\/strong><\/li>\n<\/ol>\n<p>Wir treffen nach Ma\u00dfgabe der gesetzlichen Vorgaben unter Ber\u00fccksichtigung des Stands der Technik, der Implementierungskosten und der Art, des Umfangs, der Umst\u00e4nde und der Zwecke der Verarbeitung sowie der unterschiedlichen Eintrittswahrscheinlichkeiten und des Ausma\u00dfes der Bedrohung der Rechte und Freiheiten nat\u00fcrlicher Personen geeignete technische und organisatorische Ma\u00dfnahmen, um ein dem Risiko angemessenes Schutzniveau zu gew\u00e4hrleisten.<\/p>\n<p>Zu den Ma\u00dfnahmen geh\u00f6ren insbesondere die Sicherung der Vertraulichkeit, Integrit\u00e4t und Verf\u00fcgbarkeit von Daten durch Kontrolle des physischen und elektronischen Zugangs zu den Daten als auch des sie betreffenden Zugriffs, der Eingabe, der Weitergabe, der Sicherung der Verf\u00fcgbarkeit und ihrer Trennung. Des Weiteren haben wir Verfahren eingerichtet, die eine Wahrnehmung von Betroffenenrechten, die L\u00f6schung von Daten und Reaktionen auf die Gef\u00e4hrdung der Daten gew\u00e4hrleisten. Ferner ber\u00fccksichtigen wir den Schutz personenbezogener Daten bereits bei der Entwicklung bzw. Auswahl von Hardware, Software sowie Verfahren entsprechend dem Prinzip des Datenschutzes, durch Technikgestaltung und durch datenschutzfreundliche Voreinstellungen.<\/p>\n<p><strong>K\u00fcrzung der IP-Adresse:<\/strong> Sofern IP-Adressen von uns oder von den eingesetzten Dienstleistern und Technologien verarbeitet werden und die Verarbeitung einer vollst\u00e4ndigen IP-Adresse nicht erforderlich ist, wird die IP-Adresse gek\u00fcrzt (auch als &#8220;IP-Masking&#8221; bezeichnet). Hierbei werden die letzten beiden Ziffern, bzw. der letzte Teil der IP-Adresse nach einem Punkt entfernt, bzw. durch Platzhalter ersetzt. Mit der K\u00fcrzung der IP-Adresse soll die Identifizierung einer Person anhand ihrer IP-Adresse verhindert oder wesentlich erschwert werden.<\/p>\n<p><strong>SSL-Verschl\u00fcsselung (https):<\/strong> Um Ihre via unser Online-Angebot \u00fcbermittelten Daten zu sch\u00fctzen, nutzen wir eine SSL-Verschl\u00fcsselung. Sie erkennen derart verschl\u00fcsselte Verbindungen an dem Pr\u00e4fix https:\/\/ in der Adresszeile Ihres Browsers.<\/p>\n<ol start=\"6\">\n<li><strong> \u00dcbermittlung und Offenbarung von personenbezogenen Daten<\/strong><\/li>\n<\/ol>\n<p>Im Rahmen unserer Verarbeitung von personenbezogenen Daten kommt es vor, dass die Daten an andere Stellen, Unternehmen, rechtlich selbstst\u00e4ndige Organisationseinheiten oder Personen \u00fcbermittelt oder sie ihnen gegen\u00fcber offengelegt werden. Zu den Empf\u00e4ngern dieser Daten k\u00f6nnen z. B. Zahlungsinstitute im Rahmen von Zahlungsvorg\u00e4ngen, mit IT-Aufgaben beauftragte Dienstleister oder Anbieter von Diensten und Inhalten, die in eine Webseite eingebunden werden, geh\u00f6ren. In solchen Fall beachten wir die gesetzlichen Vorgaben und schlie\u00dfen insbesondere entsprechende Vertr\u00e4ge bzw. Vereinbarungen, die dem Schutz Ihrer Daten dienen, mit den Empf\u00e4ngern Ihrer Daten ab.<\/p>\n<p><strong>Daten\u00fcbermittlung innerhalb der Organisation:<\/strong> Wir k\u00f6nnen personenbezogene Daten an andere Stellen innerhalb unserer Organisation \u00fcbermitteln oder ihnen den Zugriff auf diese Daten gew\u00e4hren. Sofern diese Weitergabe zu administrativen Zwecken erfolgt, beruht die Weitergabe der Daten auf unseren berechtigten unternehmerischen und betriebswirtschaftlichen Interessen oder erfolgt, sofern sie Erf\u00fcllung unserer vertragsbezogenen Verpflichtungen erforderlich ist oder wenn eine Einwilligung der Betroffenen oder eine gesetzliche Erlaubnis vorliegt.<\/p>\n<ol start=\"7\">\n<li><strong> Datenverarbeitung in Drittl\u00e4ndern<\/strong><\/li>\n<\/ol>\n<p>Sofern wir Daten in einem Drittland (d. h. au\u00dferhalb der Europ\u00e4ischen Union (EU), des Europ\u00e4ischen Wirtschaftsraums (EWR)) verarbeiten oder die Verarbeitung im Rahmen der Inanspruchnahme von Diensten Dritter oder der Offenlegung bzw. \u00dcbermittlung von Daten an andere Personen, Stellen oder Unternehmen stattfindet, erfolgt dies nur im Einklang mit den gesetzlichen Vorgaben.<\/p>\n<p>Vorbehaltlich ausdr\u00fccklicher Einwilligung oder vertraglich oder gesetzlich erforderlicher \u00dcbermittlung verarbeiten oder lassen wir die Daten nur in Drittl\u00e4ndern mit einem anerkannten Datenschutzniveau, vertraglichen Verpflichtung durch sogenannte Standardschutzklauseln der EU-Kommission, beim Vorliegen von Zertifizierungen oder verbindlicher internen Datenschutzvorschriften verarbeiten (Art. 44 bis 49 DSGVO, <a href=\"https:\/\/ec.europa.eu\/info\/law\/law-topic\/data-protection\/international-dimension-data-protection_de\">Informationsseite der EU-Kommission<\/a>).<\/p>\n<ol start=\"8\">\n<li><strong> Einsatz von Cookies<\/strong><\/li>\n<\/ol>\n<p>Cookies sind Textdateien, die Daten von besuchten Websites oder Domains enthalten und von einem Browser auf dem Computer des Benutzers gespeichert werden. Ein Cookie dient in erster Linie dazu, die Informationen \u00fcber einen Benutzer w\u00e4hrend oder nach seinem Besuch innerhalb eines Onlineangebotes zu speichern. Zu den gespeicherten Angaben k\u00f6nnen z. B. die Spracheinstellungen auf einer Webseite, der Loginstatus, ein Warenkorb oder die Stelle, an der ein Video geschaut wurde, geh\u00f6ren. Zu dem Begriff der Cookies z\u00e4hlen wir ferner andere Technologien, die die gleichen Funktionen wie Cookies erf\u00fcllen (z. B. wenn Angaben der Nutzer anhand pseudonymer Onlinekennzeichnungen gespeichert werden, auch als &#8220;Nutzer-IDs&#8221; bezeichnet).<\/p>\n<p>Sie k\u00f6nnen in den Einsatz der nicht notwendigen Cookies mit dem Klick auf die Schaltfl\u00e4che &#8220;Alle Akzeptieren&#8221; einwilligen oder sich per Klick auf &#8220;Ablehnen&#8221; anders entscheiden. Die Einwilligung umfasst alle vorausgew\u00e4hlten bzw. von Ihnen ausgew\u00e4hlten Cookies. Sie k\u00f6nnen diese Einstellungen jederzeit aufrufen und Cookies auch nachtr\u00e4glich jederzeit abw\u00e4hlen (<a href=\"https:\/\/www.aerzte-ohne-grenzen.de\/datenschutz-und-datensicherheit#28CookieEinstellungen\">in den Datenschutzhinweisen<\/a> und im Fu\u00dfbereich unserer Website).<\/p>\n<p>&nbsp;<\/p>\n","protected":false},"excerpt":{"rendered":"<p>Datenschutz und Datensicherheit 1. Einleitung 2. Verantwortlicher 3. \u00dcbersicht der Verarbeitungen 4. Ma\u00dfgebliche Rechtsgrundlagen 5. Sicherheitsma\u00dfnahmen 6. \u00dcbermittlung und Offenbarung von personenbezogenen Daten 7. Datenverarbeitung in Drittl\u00e4ndern 8. Einsatz von Cookies Der Schutz von personenbezogenen Daten ist uns ein wichtiges Anliegen. Deshalb betreiben wir unsere Aktivit\u00e4ten in \u00dcbereinstimmung mit den geltenden Rechtsvorschriften zum Schutz personenbezogener [&hellip;]<\/p>\n","protected":false},"author":3,"featured_media":0,"parent":0,"menu_order":0,"comment_status":"closed","ping_status":"closed","template":"","meta":{"footnotes":""},"class_list":["post-3457","page","type-page","status-publish","hentry"],"_links":{"self":[{"href":"https:\/\/english.asrafalastin.net\/index.php?rest_route=\/wp\/v2\/pages\/3457","targetHints":{"allow":["GET"]}}],"collection":[{"href":"https:\/\/english.asrafalastin.net\/index.php?rest_route=\/wp\/v2\/pages"}],"about":[{"href":"https:\/\/english.asrafalastin.net\/index.php?rest_route=\/wp\/v2\/types\/page"}],"author":[{"embeddable":true,"href":"https:\/\/english.asrafalastin.net\/index.php?rest_route=\/wp\/v2\/users\/3"}],"replies":[{"embeddable":true,"href":"https:\/\/english.asrafalastin.net\/index.php?rest_route=%2Fwp%2Fv2%2Fcomments&post=3457"}],"version-history":[{"count":1,"href":"https:\/\/english.asrafalastin.net\/index.php?rest_route=\/wp\/v2\/pages\/3457\/revisions"}],"predecessor-version":[{"id":3458,"href":"https:\/\/english.asrafalastin.net\/index.php?rest_route=\/wp\/v2\/pages\/3457\/revisions\/3458"}],"wp:attachment":[{"href":"https:\/\/english.asrafalastin.net\/index.php?rest_route=%2Fwp%2Fv2%2Fmedia&parent=3457"}],"curies":[{"name":"wp","href":"https:\/\/api.w.org\/{rel}","templated":true}]}}