{"id":3459,"date":"2026-02-04T16:25:59","date_gmt":"2026-02-04T13:25:59","guid":{"rendered":"https:\/\/english.asrafalastin.net\/?page_id=3459"},"modified":"2026-02-04T16:25:59","modified_gmt":"2026-02-04T13:25:59","slug":"impressum","status":"publish","type":"page","link":"https:\/\/english.asrafalastin.net\/?page_id=3459","title":{"rendered":"Impressum"},"content":{"rendered":"<p>Impressum<br \/>\nHerausgeber<\/p>\n<p>The-European-Alliance-in-Defence-of-Palestinian-Detainees<br \/>\nLiegnitzstr. 28<br \/>\n53721 Siegburg,<br \/>\nGermany<br \/>\nTel: 00491715411168,<br \/>\nFax: 0049-2241-2653744<br \/>\nasrafalastin@web.de<br \/>\nhttps\/asrafalastin.net<br \/>\nAccount number:<br \/>\nSparkasse K\u00f6ln, IBAN: DE86 3705 0299 0001 0769 23, BIC: COKSDE33<br \/>\nCopyright<br \/>\nS\u00e4mtliche Informationen, Dokumente, Artikel und Fotografien auf dieser Website sind urheberrechtlich gesch\u00fctzt. Jegliche Weiterverwendung bedarf der ausdr\u00fccklichen Genehmigung von The-European-Alliance-in-Defence-of-Palestinian-Detainees<\/p>\n<p>Haftungshinweis: Trotz sorgf\u00e4ltiger inhaltlicher Kontrolle \u00fcbernehmen wir keine Haftung f\u00fcr die Inhalte externer Links. F\u00fcr den Inhalt der verlinkten Seiten sind ausschlie\u00dflich deren Betreiber verantwortlich.<\/p>\n<p>&nbsp;<\/p>\n","protected":false},"excerpt":{"rendered":"<p>Impressum Herausgeber The-European-Alliance-in-Defence-of-Palestinian-Detainees Liegnitzstr. 28 53721 Siegburg, Germany Tel: 00491715411168, Fax: 0049-2241-2653744 asrafalastin@web.de https\/asrafalastin.net Account number: Sparkasse K\u00f6ln, IBAN: DE86 3705 0299 0001 0769 23, BIC: COKSDE33 Copyright S\u00e4mtliche Informationen, Dokumente, Artikel und Fotografien auf dieser Website sind urheberrechtlich gesch\u00fctzt. Jegliche Weiterverwendung bedarf der ausdr\u00fccklichen Genehmigung von The-European-Alliance-in-Defence-of-Palestinian-Detainees Haftungshinweis: Trotz sorgf\u00e4ltiger inhaltlicher Kontrolle \u00fcbernehmen wir [&hellip;]<\/p>\n","protected":false},"author":3,"featured_media":0,"parent":0,"menu_order":0,"comment_status":"closed","ping_status":"closed","template":"","meta":{"footnotes":""},"class_list":["post-3459","page","type-page","status-publish","hentry"],"_links":{"self":[{"href":"https:\/\/english.asrafalastin.net\/index.php?rest_route=\/wp\/v2\/pages\/3459","targetHints":{"allow":["GET"]}}],"collection":[{"href":"https:\/\/english.asrafalastin.net\/index.php?rest_route=\/wp\/v2\/pages"}],"about":[{"href":"https:\/\/english.asrafalastin.net\/index.php?rest_route=\/wp\/v2\/types\/page"}],"author":[{"embeddable":true,"href":"https:\/\/english.asrafalastin.net\/index.php?rest_route=\/wp\/v2\/users\/3"}],"replies":[{"embeddable":true,"href":"https:\/\/english.asrafalastin.net\/index.php?rest_route=%2Fwp%2Fv2%2Fcomments&post=3459"}],"version-history":[{"count":1,"href":"https:\/\/english.asrafalastin.net\/index.php?rest_route=\/wp\/v2\/pages\/3459\/revisions"}],"predecessor-version":[{"id":3460,"href":"https:\/\/english.asrafalastin.net\/index.php?rest_route=\/wp\/v2\/pages\/3459\/revisions\/3460"}],"wp:attachment":[{"href":"https:\/\/english.asrafalastin.net\/index.php?rest_route=%2Fwp%2Fv2%2Fmedia&parent=3459"}],"curies":[{"name":"wp","href":"https:\/\/api.w.org\/{rel}","templated":true}]}}